{"id":7744,"date":"2025-02-27T17:36:22","date_gmt":"2025-02-27T17:36:22","guid":{"rendered":"https:\/\/miadja.com\/anka-commerce-payment-button-success\/"},"modified":"2025-02-27T17:36:22","modified_gmt":"2025-02-27T17:36:22","slug":"anka-commerce-payment-button-success","status":"publish","type":"page","link":"https:\/\/miadja.com\/en\/anka-commerce-payment-button-success\/","title":{"rendered":"Succ\u00e8s de paiement"},"content":{"rendered":"<p>Merci pour votre paiement ! Votre transaction a \u00e9t\u00e9 effectu\u00e9e avec succ\u00e8s.<\/p>","protected":false},"excerpt":{"rendered":"<p>Merci pour votre paiement ! Votre transaction a \u00e9t\u00e9 effectu\u00e9e avec succ\u00e8s.<\/p>","protected":false},"author":1,"featured_media":0,"parent":0,"menu_order":0,"comment_status":"closed","ping_status":"closed","template":"","meta":{"_acf_changed":false,"_joinchat":[],"footnotes":""},"class_list":["post-7744","page","type-page","status-publish","hentry"],"acf":[],"aioseo_notices":[],"_links":{"self":[{"href":"https:\/\/miadja.com\/en\/wp-json\/wp\/v2\/pages\/7744","targetHints":{"allow":["GET"]}}],"collection":[{"href":"https:\/\/miadja.com\/en\/wp-json\/wp\/v2\/pages"}],"about":[{"href":"https:\/\/miadja.com\/en\/wp-json\/wp\/v2\/types\/page"}],"author":[{"embeddable":true,"href":"https:\/\/miadja.com\/en\/wp-json\/wp\/v2\/users\/1"}],"replies":[{"embeddable":true,"href":"https:\/\/miadja.com\/en\/wp-json\/wp\/v2\/comments?post=7744"}],"version-history":[{"count":0,"href":"https:\/\/miadja.com\/en\/wp-json\/wp\/v2\/pages\/7744\/revisions"}],"wp:attachment":[{"href":"https:\/\/miadja.com\/en\/wp-json\/wp\/v2\/media?parent=7744"}],"curies":[{"name":"wp","href":"https:\/\/api.w.org\/{rel}","templated":true}]}}