{"id":8284,"date":"2025-08-18T11:01:21","date_gmt":"2025-08-18T11:01:21","guid":{"rendered":"https:\/\/miadja.com\/?page_id=8284"},"modified":"2025-08-18T11:03:01","modified_gmt":"2025-08-18T11:03:01","slug":"mentions-legales","status":"publish","type":"page","link":"https:\/\/miadja.com\/en\/mentions-legales\/","title":{"rendered":"Legal notices"},"content":{"rendered":"<div data-elementor-type=\"wp-page\" data-elementor-id=\"8284\" class=\"elementor elementor-8284\" data-elementor-post-type=\"page\">\n\t\t\t\t<div class=\"elementor-element elementor-element-853cb31 activites e-flex e-con-boxed e-con e-parent\" data-id=\"853cb31\" data-element_type=\"container\" data-e-type=\"container\" data-settings=\"{&quot;background_background&quot;:&quot;gradient&quot;}\">\n\t\t\t\t\t<div class=\"e-con-inner\">\n\t\t<div class=\"elementor-element elementor-element-15d72d0 e-flex e-con-boxed e-con e-child\" data-id=\"15d72d0\" data-element_type=\"container\" data-e-type=\"container\">\n\t\t\t\t\t<div class=\"e-con-inner\">\n\t\t\t\t<div class=\"elementor-element elementor-element-e64e1af elementor-widget__width-initial elementor-widget elementor-widget-hub_fancy_heading\" data-id=\"e64e1af\" data-element_type=\"widget\" data-e-type=\"widget\" data-widget_type=\"hub_fancy_heading.default\">\n\t\t\t\t<div class=\"elementor-widget-container\">\n\t\t\t\t\t\n\t\t<div id=\"ld-fancy-heading-69dcff8b13270\" class=\"ld-fancy-heading pos-rel\">\n\t\t\t<h3 class=\"ld-fh-element d-inline-block pos-rel  elementor-heading-title lqd-highlight-custom lqd-highlight-custom-1 h3\"  > Legal notices<\/h3>\t\t<\/div>\n\n\t\t\t\t\t\t<\/div>\n\t\t\t\t<\/div>\n\t\t\t\t\t<\/div>\n\t\t\t\t<\/div>\n\t\t\t\t\t<\/div>\n\t\t\t\t<\/div>\n\t\t<div class=\"elementor-element elementor-element-4b5b1f0 e-flex e-con-boxed e-con e-parent\" data-id=\"4b5b1f0\" data-element_type=\"container\" data-e-type=\"container\">\n\t\t\t\t\t<div class=\"e-con-inner\">\n\t\t\t\t<div class=\"elementor-element elementor-element-72e7030 elementor-widget elementor-widget-text-editor\" data-id=\"72e7030\" data-element_type=\"widget\" data-e-type=\"widget\" data-widget_type=\"text-editor.default\">\n\t\t\t\t<div class=\"elementor-widget-container\">\n\t\t\t\t\t\t\t\t\t<p data-start=\"136\" data-end=\"444\"><strong data-start=\"136\" data-end=\"155\">Editor of the site<\/strong><br data-start=\"155\" data-end=\"158\" \/>MID-ADJA<br data-start=\"165\" data-end=\"168\" \/>Limited Liability company private limited (SARL-U)<br data-start=\"224\" data-end=\"227\" \/>Registered Capital : 1.000.000 FCFA<br data-start=\"258\" data-end=\"261\" \/>Si\u00e8ge social : Abidjan, Cocody, Deux-Plateaux Angr\u00e9, Petro'ivoire \u2013 16 BP 542 Abidjan 16 (C\u00f4te d'ivoire)<br data-start=\"364\" data-end=\"367\" \/>Registered in the Trade and personal property Credit register of Abidjan (RCCM)<\/p><p data-start=\"446\" data-end=\"565\"><strong data-start=\"446\" data-end=\"476\">Publication manager<\/strong><br data-start=\"476\" data-end=\"479\" \/>Madame Gwladys Assouanou KOUASSI<br data-start=\"511\" data-end=\"514\" \/>Email : contact.miadja@gmail.com<br data-start=\"535\" data-end=\"538\" \/>Phone : +225 0710170009<\/p><p data-start=\"567\" data-end=\"642\"><strong data-start=\"567\" data-end=\"582\">Web hosting<\/strong><br data-start=\"582\" data-end=\"585\" \/>Hostinger International Ltd.<br data-start=\"623\" data-end=\"626\" \/>61 Lordou Vironos Street, 6023 Larnaca, Cyprus<br data-start=\"672\" data-end=\"675\" \/>Web Site : <a class=\"cursor-pointer\" target=\"_new\" rel=\"noopener\" data-start=\"686\" data-end=\"732\">www.hostinger.com<\/a><\/p>\t\t\t\t\t\t\t\t<\/div>\n\t\t\t\t<\/div>\n\t\t\t\t\t<\/div>\n\t\t\t\t<\/div>\n\t\t\t\t<\/div>","protected":false},"excerpt":{"rendered":"<p>\u00c9diteur du siteMI-ADJASoci\u00e9t\u00e9 \u00e0 Responsabilit\u00e9 Limit\u00e9e Unipersonnelle (SARL-U)Capital social : 1.000.000 FCFASi\u00e8ge social : Abidjan, Cocody Deux-Plateaux Angr\u00e9, P\u00e9tro Ivoire \u2013 16 BP 542 Abidjan 16 (C\u00f4te d\u2019Ivoire)Immatricul\u00e9e au Registre du Commerce et du Cr\u00e9dit Mobilier d\u2019Abidjan (RCCM) Responsable de publicationMadame Gwladys Assouanou KOUASSIEmail : contact.miadja@gmail.comT\u00e9l\u00e9phone : +225 0710170009 H\u00e9bergement webHostinger International Ltd.61 Lordou Vironos [&hellip;]<\/p>\n","protected":false},"author":1,"featured_media":0,"parent":0,"menu_order":0,"comment_status":"closed","ping_status":"closed","template":"","meta":{"_acf_changed":false,"_joinchat":[],"footnotes":""},"class_list":["post-8284","page","type-page","status-publish","hentry"],"acf":[],"aioseo_notices":[],"_links":{"self":[{"href":"https:\/\/miadja.com\/en\/wp-json\/wp\/v2\/pages\/8284","targetHints":{"allow":["GET"]}}],"collection":[{"href":"https:\/\/miadja.com\/en\/wp-json\/wp\/v2\/pages"}],"about":[{"href":"https:\/\/miadja.com\/en\/wp-json\/wp\/v2\/types\/page"}],"author":[{"embeddable":true,"href":"https:\/\/miadja.com\/en\/wp-json\/wp\/v2\/users\/1"}],"replies":[{"embeddable":true,"href":"https:\/\/miadja.com\/en\/wp-json\/wp\/v2\/comments?post=8284"}],"version-history":[{"count":7,"href":"https:\/\/miadja.com\/en\/wp-json\/wp\/v2\/pages\/8284\/revisions"}],"predecessor-version":[{"id":8292,"href":"https:\/\/miadja.com\/en\/wp-json\/wp\/v2\/pages\/8284\/revisions\/8292"}],"wp:attachment":[{"href":"https:\/\/miadja.com\/en\/wp-json\/wp\/v2\/media?parent=8284"}],"curies":[{"name":"wp","href":"https:\/\/api.w.org\/{rel}","templated":true}]}}