{"id":8289,"date":"2025-08-18T11:03:26","date_gmt":"2025-08-18T11:03:26","guid":{"rendered":"https:\/\/miadja.com\/?page_id=8289"},"modified":"2025-08-18T11:05:17","modified_gmt":"2025-08-18T11:05:17","slug":"confidentialite","status":"publish","type":"page","link":"https:\/\/miadja.com\/en\/confidentialite\/","title":{"rendered":"Privacy policy"},"content":{"rendered":"<div data-elementor-type=\"wp-page\" data-elementor-id=\"8289\" class=\"elementor elementor-8289\" data-elementor-post-type=\"page\">\n\t\t\t\t<div class=\"elementor-element elementor-element-ad01c80 activites e-flex e-con-boxed e-con e-parent\" data-id=\"ad01c80\" data-element_type=\"container\" data-e-type=\"container\" data-settings=\"{&quot;background_background&quot;:&quot;gradient&quot;}\">\n\t\t\t\t\t<div class=\"e-con-inner\">\n\t\t<div class=\"elementor-element elementor-element-02c2dea e-flex e-con-boxed e-con e-child\" data-id=\"02c2dea\" data-element_type=\"container\" data-e-type=\"container\">\n\t\t\t\t\t<div class=\"e-con-inner\">\n\t\t\t\t<div class=\"elementor-element elementor-element-e94fc08 elementor-widget__width-initial elementor-widget elementor-widget-hub_fancy_heading\" data-id=\"e94fc08\" data-element_type=\"widget\" data-e-type=\"widget\" data-widget_type=\"hub_fancy_heading.default\">\n\t\t\t\t<div class=\"elementor-widget-container\">\n\t\t\t\t\t\n\t\t<div id=\"ld-fancy-heading-69dcff8b1729f\" class=\"ld-fancy-heading pos-rel\">\n\t\t\t<h3 class=\"ld-fh-element d-inline-block pos-rel  elementor-heading-title lqd-highlight-custom lqd-highlight-custom-1 h3\"  > Privacy policy<\/h3>\t\t<\/div>\n\n\t\t\t\t\t\t<\/div>\n\t\t\t\t<\/div>\n\t\t\t\t\t<\/div>\n\t\t\t\t<\/div>\n\t\t\t\t\t<\/div>\n\t\t\t\t<\/div>\n\t\t<div class=\"elementor-element elementor-element-e1cff71 e-flex e-con-boxed e-con e-parent\" data-id=\"e1cff71\" data-element_type=\"container\" data-e-type=\"container\">\n\t\t\t\t\t<div class=\"e-con-inner\">\n\t\t\t\t<div class=\"elementor-element elementor-element-75664c2 elementor-widget elementor-widget-text-editor\" data-id=\"75664c2\" data-element_type=\"widget\" data-e-type=\"widget\" data-widget_type=\"text-editor.default\">\n\t\t\t\t<div class=\"elementor-widget-container\">\n\t\t\t\t\t\t\t\t\t<p data-start=\"532\" data-end=\"725\"><strong data-start=\"532\" data-end=\"556\">Data collection<\/strong><br data-start=\"556\" data-end=\"559\" \/>We only collect information that you voluntarily give us (name, email, telephone, etc) in a contact or registration.<\/p><p data-start=\"727\" data-end=\"781\"><strong data-start=\"727\" data-end=\"742\">Use<\/strong><br data-start=\"742\" data-end=\"745\" \/>These data are used only to :<\/p><ul data-start=\"782\" data-end=\"909\"><li data-start=\"782\" data-end=\"810\"><p data-start=\"784\" data-end=\"810\">respond to your requests,<\/p><\/li><li data-start=\"811\" data-end=\"840\"><p data-start=\"813\" data-end=\"840\">manage the customer relationship,<\/p><\/li><li data-start=\"841\" data-end=\"909\"><p data-start=\"843\" data-end=\"909\">send information about our services (if you consent).<\/p><\/li><\/ul><p data-start=\"911\" data-end=\"1012\"><strong data-start=\"911\" data-end=\"922\">Share<\/strong><br data-start=\"922\" data-end=\"925\" \/>Your data is never sold nor transmitted to third parties, except legal obligation.<\/p><p data-start=\"1014\" data-end=\"1110\"><strong data-start=\"1014\" data-end=\"1030\">Conservation<\/strong><br data-start=\"1030\" data-end=\"1033\" \/>They are kept for the time strictly necessary for the intended purpose.<\/p><p data-start=\"1112\" data-end=\"1273\"><strong data-start=\"1112\" data-end=\"1126\">Your rights<\/strong><br data-start=\"1126\" data-end=\"1129\" \/>In accordance with the law, you have a right of access, modification and deletion of your data.<br data-start=\"1235\" data-end=\"1238\" \/>For the exercise : contact.miadja@gmail.com<\/p>\t\t\t\t\t\t\t\t<\/div>\n\t\t\t\t<\/div>\n\t\t\t\t\t<\/div>\n\t\t\t\t<\/div>\n\t\t\t\t<\/div>","protected":false},"excerpt":{"rendered":"<p>Collecte des donn\u00e9esNous collectons uniquement les informations que vous nous transmettez volontairement (nom, email, t\u00e9l\u00e9phone, etc.) lors d\u2019une prise de contact ou d\u2019une inscription. UtilisationCes donn\u00e9es servent uniquement \u00e0 : r\u00e9pondre \u00e0 vos demandes, g\u00e9rer la relation client, envoyer des informations sur nos services (si vous y consentez). PartageVos donn\u00e9es ne sont jamais vendues ni [&hellip;]<\/p>\n","protected":false},"author":1,"featured_media":0,"parent":0,"menu_order":0,"comment_status":"closed","ping_status":"closed","template":"","meta":{"_acf_changed":false,"_joinchat":[],"footnotes":""},"class_list":["post-8289","page","type-page","status-publish","hentry"],"acf":[],"aioseo_notices":[],"_links":{"self":[{"href":"https:\/\/miadja.com\/en\/wp-json\/wp\/v2\/pages\/8289","targetHints":{"allow":["GET"]}}],"collection":[{"href":"https:\/\/miadja.com\/en\/wp-json\/wp\/v2\/pages"}],"about":[{"href":"https:\/\/miadja.com\/en\/wp-json\/wp\/v2\/types\/page"}],"author":[{"embeddable":true,"href":"https:\/\/miadja.com\/en\/wp-json\/wp\/v2\/users\/1"}],"replies":[{"embeddable":true,"href":"https:\/\/miadja.com\/en\/wp-json\/wp\/v2\/comments?post=8289"}],"version-history":[{"count":4,"href":"https:\/\/miadja.com\/en\/wp-json\/wp\/v2\/pages\/8289\/revisions"}],"predecessor-version":[{"id":8296,"href":"https:\/\/miadja.com\/en\/wp-json\/wp\/v2\/pages\/8289\/revisions\/8296"}],"wp:attachment":[{"href":"https:\/\/miadja.com\/en\/wp-json\/wp\/v2\/media?parent=8289"}],"curies":[{"name":"wp","href":"https:\/\/api.w.org\/{rel}","templated":true}]}}