{"id":8298,"date":"2025-08-18T11:06:07","date_gmt":"2025-08-18T11:06:07","guid":{"rendered":"https:\/\/miadja.com\/?page_id=8298"},"modified":"2025-08-18T11:08:19","modified_gmt":"2025-08-18T11:08:19","slug":"cgv","status":"publish","type":"page","link":"https:\/\/miadja.com\/en\/cgv\/","title":{"rendered":"General Conditions of sale"},"content":{"rendered":"<div data-elementor-type=\"wp-page\" data-elementor-id=\"8298\" class=\"elementor elementor-8298\" data-elementor-post-type=\"page\">\n\t\t\t\t<div class=\"elementor-element elementor-element-5b269bf activites e-flex e-con-boxed e-con e-parent\" data-id=\"5b269bf\" data-element_type=\"container\" data-e-type=\"container\" data-settings=\"{&quot;background_background&quot;:&quot;gradient&quot;}\">\n\t\t\t\t\t<div class=\"e-con-inner\">\n\t\t<div class=\"elementor-element elementor-element-f2f84d0 e-flex e-con-boxed e-con e-child\" data-id=\"f2f84d0\" data-element_type=\"container\" data-e-type=\"container\">\n\t\t\t\t\t<div class=\"e-con-inner\">\n\t\t\t\t<div class=\"elementor-element elementor-element-3c32cb2 elementor-widget__width-initial elementor-widget elementor-widget-hub_fancy_heading\" data-id=\"3c32cb2\" data-element_type=\"widget\" data-e-type=\"widget\" data-widget_type=\"hub_fancy_heading.default\">\n\t\t\t\t<div class=\"elementor-widget-container\">\n\t\t\t\t\t\n\t\t<div id=\"ld-fancy-heading-69dd16ec98e57\" class=\"ld-fancy-heading pos-rel\">\n\t\t\t<h3 class=\"ld-fh-element d-inline-block pos-rel  elementor-heading-title lqd-highlight-custom lqd-highlight-custom-1 h3\"  > General Conditions of sale<\/h3>\t\t<\/div>\n\n\t\t\t\t\t\t<\/div>\n\t\t\t\t<\/div>\n\t\t\t\t\t<\/div>\n\t\t\t\t<\/div>\n\t\t\t\t\t<\/div>\n\t\t\t\t<\/div>\n\t\t<div class=\"elementor-element elementor-element-51e8f0c e-flex e-con-boxed e-con e-parent\" data-id=\"51e8f0c\" data-element_type=\"container\" data-e-type=\"container\">\n\t\t\t\t\t<div class=\"e-con-inner\">\n\t\t\t\t<div class=\"elementor-element elementor-element-ea817f6 elementor-widget elementor-widget-text-editor\" data-id=\"ea817f6\" data-element_type=\"widget\" data-e-type=\"widget\" data-widget_type=\"text-editor.default\">\n\t\t\t\t<div class=\"elementor-widget-container\">\n\t\t\t\t\t\t\t\t\t<p data-start=\"1325\" data-end=\"1438\"><strong data-start=\"1325\" data-end=\"1346\">Article 1 \u2013 Object<\/strong><br data-start=\"1346\" data-end=\"1349\" \/>These terms and conditions define the terms of sale of the services offered by MI-ADJA.<\/p><p data-start=\"1440\" data-end=\"1496\"><strong data-start=\"1440\" data-end=\"1464\">Article 2 \u2013 Services<\/strong><br data-start=\"1464\" data-end=\"1467\" \/>MI-ADJA features, in particular :<\/p><ul data-start=\"1497\" data-end=\"1672\"><li data-start=\"1497\" data-end=\"1558\"><p data-start=\"1499\" data-end=\"1558\">organization of holidays, leisure and educational activities,<\/p><\/li><li data-start=\"1604\" data-end=\"1672\"><p data-start=\"1606\" data-end=\"1672\">provision of services related to the holiday and entertainment.<\/p><\/li><\/ul><p data-start=\"1674\" data-end=\"1811\"><strong data-start=\"1674\" data-end=\"1698\">Article 3 \u2013 Order<\/strong><br data-start=\"1698\" data-end=\"1701\" \/>All orders must be confirmed in writing (email or form). It constitutes acceptance of these terms and conditions.<\/p><p data-start=\"1813\" data-end=\"1968\"><strong data-start=\"1813\" data-end=\"1845\">Article 4 \u2013 Prices and payment<\/strong><br data-start=\"1845\" data-end=\"1848\" \/>The prices are expressed in euro and CFA.<br data-start=\"1879\" data-end=\"1882\" \/>The payment must be carried out according to the agreed terms and conditions (deposit, balance, etc).<\/p><p data-start=\"1970\" data-end=\"2139\"><strong data-start=\"1970\" data-end=\"2013\">Article 5 \u2013 Cancellation and refund<\/strong><br data-start=\"2013\" data-end=\"2016\" \/>Any cancellation must be notified in writing. The conditions of reimbursement will be specified at the time of the order.<\/p><p data-start=\"2141\" data-end=\"2284\"><strong data-start=\"2141\" data-end=\"2172\">Section 6 \u2013 Responsibilities<\/strong><br data-start=\"2172\" data-end=\"2175\" \/>MI-ADJA cannot be held responsible in case of force majeure or events beyond its control.<\/p><p data-start=\"2286\" data-end=\"2451\"><strong data-start=\"2286\" data-end=\"2326\">Article 7 \u2013 intellectual Property<\/strong><br data-start=\"2326\" data-end=\"2329\" \/>All content created by MI-ADJA in the framework of its benefits remains his intellectual property unless otherwise stated.<\/p><p data-start=\"2453\" data-end=\"2610\"><strong data-start=\"2453\" data-end=\"2485\">Article 8 \u2013 applicable Law<\/strong><br data-start=\"2485\" data-end=\"2488\" \/>These terms and conditions are governed by the law in c\u00f4te d'ivoire.<br data-start=\"2540\" data-end=\"2543\" \/>Any dispute will be brought before the competent courts of Abidjan.<\/p>\t\t\t\t\t\t\t\t<\/div>\n\t\t\t\t<\/div>\n\t\t\t\t\t<\/div>\n\t\t\t\t<\/div>\n\t\t\t\t<\/div>","protected":false},"excerpt":{"rendered":"<p>Article 1 \u2013 ObjetLes pr\u00e9sentes CGV d\u00e9finissent les modalit\u00e9s de vente des services propos\u00e9s par MI-ADJA. Article 2 \u2013 ServicesMI-ADJA propose notamment : organisation de s\u00e9jours, loisirs et activit\u00e9s \u00e9ducatives, prestations de services li\u00e9es aux vacances et au divertissement. Article 3 \u2013 CommandeToute commande doit \u00eatre confirm\u00e9e par \u00e9crit (email ou formulaire). Elle vaut acceptation [&hellip;]<\/p>\n","protected":false},"author":1,"featured_media":0,"parent":0,"menu_order":0,"comment_status":"closed","ping_status":"closed","template":"","meta":{"_acf_changed":false,"_joinchat":[],"footnotes":""},"class_list":["post-8298","page","type-page","status-publish","hentry"],"acf":[],"aioseo_notices":[],"_links":{"self":[{"href":"https:\/\/miadja.com\/en\/wp-json\/wp\/v2\/pages\/8298","targetHints":{"allow":["GET"]}}],"collection":[{"href":"https:\/\/miadja.com\/en\/wp-json\/wp\/v2\/pages"}],"about":[{"href":"https:\/\/miadja.com\/en\/wp-json\/wp\/v2\/types\/page"}],"author":[{"embeddable":true,"href":"https:\/\/miadja.com\/en\/wp-json\/wp\/v2\/users\/1"}],"replies":[{"embeddable":true,"href":"https:\/\/miadja.com\/en\/wp-json\/wp\/v2\/comments?post=8298"}],"version-history":[{"count":4,"href":"https:\/\/miadja.com\/en\/wp-json\/wp\/v2\/pages\/8298\/revisions"}],"predecessor-version":[{"id":8302,"href":"https:\/\/miadja.com\/en\/wp-json\/wp\/v2\/pages\/8298\/revisions\/8302"}],"wp:attachment":[{"href":"https:\/\/miadja.com\/en\/wp-json\/wp\/v2\/media?parent=8298"}],"curies":[{"name":"wp","href":"https:\/\/api.w.org\/{rel}","templated":true}]}}