{"id":8455,"date":"2025-08-26T21:32:51","date_gmt":"2025-08-26T21:32:51","guid":{"rendered":"https:\/\/miadja.com\/?page_id=8455"},"modified":"2026-02-24T13:51:49","modified_gmt":"2026-02-24T13:51:49","slug":"faq","status":"publish","type":"page","link":"https:\/\/miadja.com\/fr\/faq\/","title":{"rendered":"FAQ"},"content":{"rendered":"\t\t<div data-elementor-type=\"wp-page\" data-elementor-id=\"8455\" class=\"elementor elementor-8455\" data-elementor-post-type=\"page\">\n\t\t\t\t<div class=\"elementor-element elementor-element-8a52148 e-flex e-con-boxed e-con e-parent\" data-id=\"8a52148\" data-element_type=\"container\" data-e-type=\"container\">\n\t\t\t\t\t<div class=\"e-con-inner\">\n\t\t<div data-custom-animations=\"true\" data-ca-options=\"{&quot;addChildTimelines&quot;:false,&quot;trigger&quot;:&quot;firstChild&quot;,&quot;animationTarget&quot;:&quot;:scope .e-con-inner &gt; .elementor-element:not(.lqd-exclude-parent-ca) &gt; .elementor-widget-container, :scope .e-con-inner &gt; .elementor-widget-hub_fancy_heading .lqd-split-lines .lqd-lines .split-inner, :scope .e-con-inner &gt; .elementor-widget-hub_fancy_heading .lqd-split-words .lqd-words .split-inner, :scope .e-con-inner &gt; .elementor-widget-hub_fancy_heading .lqd-split-chars .lqd-chars .split-inner, :scope .e-con-inner &gt; .elementor-widget-hub_fancy_heading .lqd-adv-txt-fig, :scope .e-con-inner &gt; .elementor-widget-ld_custom_menu .lqd-fancy-menu &gt; ul &gt; li, :scope .e-con:not([data-parallax]) .elementor-element &gt; .elementor-widget-container, :scope .e-con:not([data-parallax]) .elementor-widget-hub_fancy_heading .lqd-split-lines .lqd-lines .split-inner, :scope .e-con:not([data-parallax]) .elementor-widget-hub_fancy_heading .lqd-split-words .lqd-words .split-inner, :scope .e-con:not([data-parallax]) .elementor-widget-hub_fancy_heading .lqd-split-chars .lqd-chars .split-inner, :scope .e-con:not([data-parallax]) .elementor-widget-ld_custom_menu .lqd-fancy-menu &gt; ul &gt; li&quot;,&quot;ease&quot;:[&quot;power4.out&quot;],&quot;initValues&quot;:{&quot;y&quot;:&quot;60px&quot;,&quot;opacity&quot;:0,&quot;transformOrigin&quot;:&quot;50% 50% 0px&quot;},&quot;animations&quot;:{&quot;y&quot;:&quot;0px&quot;,&quot;opacity&quot;:1,&quot;transformOrigin&quot;:&quot;50% 50% 0px&quot;}}\" class=\"elementor-element elementor-element-51f2bb6 e-flex e-con-boxed e-con e-child\" data-id=\"51f2bb6\" data-element_type=\"container\" data-e-type=\"container\" data-settings=\"{&quot;background_background&quot;:&quot;classic&quot;}\">\n\t\t\t\t\t<div class=\"e-con-inner\">\n\t\t\t\t<div class=\"elementor-element elementor-element-e3a4c15 sub-heading elementor-widget elementor-widget-hub_fancy_heading\" data-id=\"e3a4c15\" data-element_type=\"widget\" data-e-type=\"widget\" data-widget_type=\"hub_fancy_heading.default\">\n\t\t\t\t<div class=\"elementor-widget-container\">\n\t\t\t\t\t\n\t\t<div id=\"ld-fancy-heading-69dcff705f521\" class=\"ld-fancy-heading pos-rel\">\n\t\t\t<h6 class=\"ld-fh-element d-inline-block pos-rel  elementor-heading-title lqd-highlight-classic lqd-highlight-grow-left h6\"  > Vos questions, nos r\u00e9ponses<\/h6>\t\t<\/div>\n\n\t\t\t\t\t\t<\/div>\n\t\t\t\t<\/div>\n\t\t\t\t<div class=\"elementor-element elementor-element-0f83cb0 elementor-widget elementor-widget-spacer\" data-id=\"0f83cb0\" data-element_type=\"widget\" data-e-type=\"widget\" data-widget_type=\"spacer.default\">\n\t\t\t\t<div class=\"elementor-widget-container\">\n\t\t\t\t\t\t\t<div class=\"elementor-spacer\">\n\t\t\t<div class=\"elementor-spacer-inner\"><\/div>\n\t\t<\/div>\n\t\t\t\t\t\t<\/div>\n\t\t\t\t<\/div>\n\t\t\t\t<div class=\"elementor-element elementor-element-c99efec elementor-widget__width-initial elementor-widget elementor-widget-hub_fancy_heading\" data-id=\"c99efec\" data-element_type=\"widget\" data-e-type=\"widget\" data-widget_type=\"hub_fancy_heading.default\">\n\t\t\t\t<div class=\"elementor-widget-container\">\n\t\t\t\t\t\n\t\t<div id=\"ld-fancy-heading-69dcff705fc3d\" class=\"ld-fancy-heading pos-rel\">\n\t\t\t<h3 class=\"ld-fh-element d-inline-block pos-rel  elementor-heading-title lqd-highlight-classic lqd-highlight-grow-left h3\"  data-inview=\"true\" data-transition-delay=\"true\" data-delay-options=\"{&quot;elements&quot;:&quot;.lqd-highlight-inner&quot;,&quot;delayType&quot;:&quot;transition&quot;}\" > R\u00e9ponses \u00e0 vos questions sur <mark class=\"lqd-highlight\"><span class=\"lqd-highlight-txt\"  >Mi-Adja Camp <\/span><span class=\"lqd-highlight-inner\"><\/span><\/mark><\/h3>\t\t<\/div>\n\n\t\t\t\t\t\t<\/div>\n\t\t\t\t<\/div>\n\t\t\t\t<div class=\"elementor-element elementor-element-53500bc elementor-widget elementor-widget-spacer\" data-id=\"53500bc\" data-element_type=\"widget\" data-e-type=\"widget\" data-widget_type=\"spacer.default\">\n\t\t\t\t<div class=\"elementor-widget-container\">\n\t\t\t\t\t\t\t<div class=\"elementor-spacer\">\n\t\t\t<div class=\"elementor-spacer-inner\"><\/div>\n\t\t<\/div>\n\t\t\t\t\t\t<\/div>\n\t\t\t\t<\/div>\n\t\t<div class=\"elementor-element elementor-element-415a372 e-con-full e-flex e-con e-child\" data-id=\"415a372\" data-element_type=\"container\" data-e-type=\"container\">\n\t\t<div class=\"elementor-element elementor-element-0ed046c e-con-full e-flex e-con e-child\" data-id=\"0ed046c\" data-element_type=\"container\" data-e-type=\"container\">\n\t\t\t\t<div class=\"elementor-element elementor-element-acc3163 elementor-widget__width-inherit elementor-widget elementor-widget-ld_accordion\" data-id=\"acc3163\" data-element_type=\"widget\" data-e-type=\"widget\" data-widget_type=\"ld_accordion.default\">\n\t\t\t\t<div class=\"elementor-widget-container\">\n\t\t\t\t\t\n\t\t<div class=\"accordion accordion-sm accordion-side-spacing accordion-title-bg-transparent accordion-active-has-fill\" id=\"accordion-69dcff70622ae\">\n\t\t\t\t\t\t\t\t\t\t\t\t<div class=\"accordion-item panel \">\n\n\t\t\t\t<div class=\"accordion-heading\" id=\"heading-1811\">\n\t\t\t\t<h4 class=\"accordion-title  tabindex=\"-1\">\t\t\t\t\t<a class=\"collapsed\" data-toggle=\"collapse\" data-bs-toggle=\"collapse\"\n                    tabindex=\"0\"\n\t\t\t\t\tdata-parent=\"#accordion-69dcff70622ae\" data-bs-parent=\"#accordion-69dcff70622ae\" href=\"#collapse-1811\" data-target=\"#collapse-1811\" data-bs-target=\"#collapse-1811\"\n\t\t\t\t\taria-expanded=\"false\" aria-controls=\"collapse-1811\">\n\t\t\t\t\t\t\t\t\t\t\t\t<span class=\"accordion-title-txt\">Qu\u2019est-ce que MI-Adja Camp de vacances ?<\/span>\n\t\t\t\t\t\t\t\t\t\t\t\t\t<span class=\"accordion-expander\"><i class=\"lqd-icn-ess icon-ion-ios-arrow-down\"><\/i><i class=\"lqd-icn-ess icon-ion-ios-arrow-up\"><\/i><\/span>\t\t\t\t\t\t\t\t\t\t\t<\/a>\n\t\t\t\t<\/h4>\t\t\t\t<\/div>\n\n\t\t\t\t<div id=\"collapse-1811\" class=\"accordion-collapse collapse \" data-bs-parent=\"#accordion-69dcff70622ae\" aria-labelledby=\"heading-1811\">\n\n\t\t\t\t<div class=\"accordion-content\">\n\t\t\t\t\t<p>MI-Adja Camp de vacances est un s\u00e9jour \u00e9ducatif et culturel pour les enfants de 5 \u00e0 13 ans. Ce camp offre une immersion unique dans la culture des peuples des r\u00e9gions de C\u00f4te d'Ivoire, \u00e0 travers des activit\u00e9s ludiques, \u00e9ducatives et touristiques.<\/p>\t\t\t\t<\/div>\n\n\t\t\t\t<\/div>\n\n\t\t\t<\/div>\n\t\t\t\t\t\t\t\t\t<div class=\"accordion-item panel \">\n\n\t\t\t\t<div class=\"accordion-heading\" id=\"heading-1812\">\n\t\t\t\t<h4 class=\"accordion-title  tabindex=\"-1\">\t\t\t\t\t<a class=\"collapsed\" data-toggle=\"collapse\" data-bs-toggle=\"collapse\"\n                    tabindex=\"0\"\n\t\t\t\t\tdata-parent=\"#accordion-69dcff70622ae\" data-bs-parent=\"#accordion-69dcff70622ae\" href=\"#collapse-1812\" data-target=\"#collapse-1812\" data-bs-target=\"#collapse-1812\"\n\t\t\t\t\taria-expanded=\"false\" aria-controls=\"collapse-1812\">\n\t\t\t\t\t\t\t\t\t\t\t\t<span class=\"accordion-title-txt\">O\u00f9 se d\u00e9roule le camp et quelles sont les dates ?<\/span>\n\t\t\t\t\t\t\t\t\t\t\t\t\t<span class=\"accordion-expander\"><i class=\"lqd-icn-ess icon-ion-ios-arrow-down\"><\/i><i class=\"lqd-icn-ess icon-ion-ios-arrow-up\"><\/i><\/span>\t\t\t\t\t\t\t\t\t\t\t<\/a>\n\t\t\t\t<\/h4>\t\t\t\t<\/div>\n\n\t\t\t\t<div id=\"collapse-1812\" class=\"accordion-collapse collapse \" data-bs-parent=\"#accordion-69dcff70622ae\" aria-labelledby=\"heading-1812\">\n\n\t\t\t\t<div class=\"accordion-content\">\n\t\t\t\t\tLe camp se d\u00e9roule \u00e0 Korhogo, choisie pour sa richesse culturelle et son cadre s\u00e9curis\u00e9. Il est organis\u00e9 en 3 sessions de 13 jours pendant les vacances de juillet et ao\u00fbt.\nLes vagues exactes sont: du 13 au 26 juillet, du 27 juillet au 9 ao\u00fbt et du 10 au 23 ao\u00fbt 2026.\t\t\t\t<\/div>\n\n\t\t\t\t<\/div>\n\n\t\t\t<\/div>\n\t\t\t\t\t\t\t\t\t<div class=\"accordion-item panel \">\n\n\t\t\t\t<div class=\"accordion-heading\" id=\"heading-1813\">\n\t\t\t\t<h4 class=\"accordion-title  tabindex=\"-1\">\t\t\t\t\t<a class=\"collapsed\" data-toggle=\"collapse\" data-bs-toggle=\"collapse\"\n                    tabindex=\"0\"\n\t\t\t\t\tdata-parent=\"#accordion-69dcff70622ae\" data-bs-parent=\"#accordion-69dcff70622ae\" href=\"#collapse-1813\" data-target=\"#collapse-1813\" data-bs-target=\"#collapse-1813\"\n\t\t\t\t\taria-expanded=\"false\" aria-controls=\"collapse-1813\">\n\t\t\t\t\t\t\t\t\t\t\t\t<span class=\"accordion-title-txt\">Quelles activit\u00e9s sont pr\u00e9vues pour les enfants ?<\/span>\n\t\t\t\t\t\t\t\t\t\t\t\t\t<span class=\"accordion-expander\"><i class=\"lqd-icn-ess icon-ion-ios-arrow-down\"><\/i><i class=\"lqd-icn-ess icon-ion-ios-arrow-up\"><\/i><\/span>\t\t\t\t\t\t\t\t\t\t\t<\/a>\n\t\t\t\t<\/h4>\t\t\t\t<\/div>\n\n\t\t\t\t<div id=\"collapse-1813\" class=\"accordion-collapse collapse \" data-bs-parent=\"#accordion-69dcff70622ae\" aria-labelledby=\"heading-1813\">\n\n\t\t\t\t<div class=\"accordion-content\">\n\t\t\t\t\t<p>Ateliers avec des artisans locaux, jeux collectifs et activit\u00e9s sportives, initiation aux langues et cultures locales, excursions touristiques et d\u00e9couvertes naturelles, soir\u00e9es festives et contes traditionnels<\/p>\t\t\t\t<\/div>\n\n\t\t\t\t<\/div>\n\n\t\t\t<\/div>\n\t\t\t\t\t\t\t\t\t<div class=\"accordion-item panel \">\n\n\t\t\t\t<div class=\"accordion-heading\" id=\"heading-1814\">\n\t\t\t\t<h4 class=\"accordion-title  tabindex=\"-1\">\t\t\t\t\t<a class=\"collapsed\" data-toggle=\"collapse\" data-bs-toggle=\"collapse\"\n                    tabindex=\"0\"\n\t\t\t\t\tdata-parent=\"#accordion-69dcff70622ae\" data-bs-parent=\"#accordion-69dcff70622ae\" href=\"#collapse-1814\" data-target=\"#collapse-1814\" data-bs-target=\"#collapse-1814\"\n\t\t\t\t\taria-expanded=\"false\" aria-controls=\"collapse-1814\">\n\t\t\t\t\t\t\t\t\t\t\t\t<span class=\"accordion-title-txt\">Quel est le co\u00fbt du s\u00e9jour ?<\/span>\n\t\t\t\t\t\t\t\t\t\t\t\t\t<span class=\"accordion-expander\"><i class=\"lqd-icn-ess icon-ion-ios-arrow-down\"><\/i><i class=\"lqd-icn-ess icon-ion-ios-arrow-up\"><\/i><\/span>\t\t\t\t\t\t\t\t\t\t\t<\/a>\n\t\t\t\t<\/h4>\t\t\t\t<\/div>\n\n\t\t\t\t<div id=\"collapse-1814\" class=\"accordion-collapse collapse \" data-bs-parent=\"#accordion-69dcff70622ae\" aria-labelledby=\"heading-1814\">\n\n\t\t\t\t<div class=\"accordion-content\">\n\t\t\t\t\t<p>Le tarif early bird est de 450.000 FCFA au lieu 469.500 FCFA jusqu'au 15 mars.<\/p>\t\t\t\t<\/div>\n\n\t\t\t\t<\/div>\n\n\t\t\t<\/div>\n\t\t\t\t\t\t\n\t\t<\/div>\n\n\t\t\t\t\t\t<\/div>\n\t\t\t\t<\/div>\n\t\t\t\t<\/div>\n\t\t<div class=\"elementor-element elementor-element-5019091 e-con-full e-flex e-con e-child\" data-id=\"5019091\" data-element_type=\"container\" data-e-type=\"container\">\n\t\t\t\t<div class=\"elementor-element elementor-element-db513c4 elementor-widget__width-inherit elementor-widget elementor-widget-ld_accordion\" data-id=\"db513c4\" data-element_type=\"widget\" data-e-type=\"widget\" data-widget_type=\"ld_accordion.default\">\n\t\t\t\t<div class=\"elementor-widget-container\">\n\t\t\t\t\t\n\t\t<div class=\"accordion accordion-sm accordion-side-spacing accordion-title-bg-transparent accordion-active-has-fill\" id=\"accordion-69dcff7062ba5\">\n\t\t\t\t\t\t\t\t\t\t\t\t<div class=\"accordion-item panel \">\n\n\t\t\t\t<div class=\"accordion-heading\" id=\"heading-2291\">\n\t\t\t\t<h4 class=\"accordion-title  tabindex=\"-1\">\t\t\t\t\t<a class=\"collapsed\" data-toggle=\"collapse\" data-bs-toggle=\"collapse\"\n                    tabindex=\"0\"\n\t\t\t\t\tdata-parent=\"#accordion-69dcff7062ba5\" data-bs-parent=\"#accordion-69dcff7062ba5\" href=\"#collapse-2291\" data-target=\"#collapse-2291\" data-bs-target=\"#collapse-2291\"\n\t\t\t\t\taria-expanded=\"false\" aria-controls=\"collapse-2291\">\n\t\t\t\t\t\t\t\t\t\t\t\t<span class=\"accordion-title-txt\">Comment puis-je suivre le s\u00e9jour de mon enfant ?<\/span>\n\t\t\t\t\t\t\t\t\t\t\t\t\t<span class=\"accordion-expander\"><i class=\"lqd-icn-ess icon-ion-ios-arrow-down\"><\/i><i class=\"lqd-icn-ess icon-ion-ios-arrow-up\"><\/i><\/span>\t\t\t\t\t\t\t\t\t\t\t<\/a>\n\t\t\t\t<\/h4>\t\t\t\t<\/div>\n\n\t\t\t\t<div id=\"collapse-2291\" class=\"accordion-collapse collapse \" data-bs-parent=\"#accordion-69dcff7062ba5\" aria-labelledby=\"heading-2291\">\n\n\t\t\t\t<div class=\"accordion-content\">\n\t\t\t\t\t<p>Lors du MI-Adja Camp, un groupe WhatsApp priv\u00e9 est cr\u00e9\u00e9 pour partager les activit\u00e9s quotidiennes et l\u2019itin\u00e9raire du camp.<br \/>Les parents y re\u00e7oivent des nouvelles r\u00e9guli\u00e8res et des photos en temps r\u00e9el.<br \/>Avant le d\u00e9part, une r\u00e9union Zoom est organis\u00e9e afin de r\u00e9pondre \u00e0 toutes les interrogations et rassurer les familles.<\/p>\t\t\t\t<\/div>\n\n\t\t\t\t<\/div>\n\n\t\t\t<\/div>\n\t\t\t\t\t\t\t\t\t<div class=\"accordion-item panel \">\n\n\t\t\t\t<div class=\"accordion-heading\" id=\"heading-2292\">\n\t\t\t\t<h4 class=\"accordion-title  tabindex=\"-1\">\t\t\t\t\t<a class=\"collapsed\" data-toggle=\"collapse\" data-bs-toggle=\"collapse\"\n                    tabindex=\"0\"\n\t\t\t\t\tdata-parent=\"#accordion-69dcff7062ba5\" data-bs-parent=\"#accordion-69dcff7062ba5\" href=\"#collapse-2292\" data-target=\"#collapse-2292\" data-bs-target=\"#collapse-2292\"\n\t\t\t\t\taria-expanded=\"false\" aria-controls=\"collapse-2292\">\n\t\t\t\t\t\t\t\t\t\t\t\t<span class=\"accordion-title-txt\">Comment s\u2019effectue le paiement ?<\/span>\n\t\t\t\t\t\t\t\t\t\t\t\t\t<span class=\"accordion-expander\"><i class=\"lqd-icn-ess icon-ion-ios-arrow-down\"><\/i><i class=\"lqd-icn-ess icon-ion-ios-arrow-up\"><\/i><\/span>\t\t\t\t\t\t\t\t\t\t\t<\/a>\n\t\t\t\t<\/h4>\t\t\t\t<\/div>\n\n\t\t\t\t<div id=\"collapse-2292\" class=\"accordion-collapse collapse \" data-bs-parent=\"#accordion-69dcff7062ba5\" aria-labelledby=\"heading-2292\">\n\n\t\t\t\t<div class=\"accordion-content\">\n\t\t\t\t\tLes paiements peuvent \u00eatre effectu\u00e9s par : Orange Money, Wave ou virement bancaire en 1, 2 ou 3 fois.\t\t\t\t<\/div>\n\n\t\t\t\t<\/div>\n\n\t\t\t<\/div>\n\t\t\t\t\t\t\t\t\t<div class=\"accordion-item panel \">\n\n\t\t\t\t<div class=\"accordion-heading\" id=\"heading-2293\">\n\t\t\t\t<h4 class=\"accordion-title  tabindex=\"-1\">\t\t\t\t\t<a class=\"collapsed\" data-toggle=\"collapse\" data-bs-toggle=\"collapse\"\n                    tabindex=\"0\"\n\t\t\t\t\tdata-parent=\"#accordion-69dcff7062ba5\" data-bs-parent=\"#accordion-69dcff7062ba5\" href=\"#collapse-2293\" data-target=\"#collapse-2293\" data-bs-target=\"#collapse-2293\"\n\t\t\t\t\taria-expanded=\"false\" aria-controls=\"collapse-2293\">\n\t\t\t\t\t\t\t\t\t\t\t\t<span class=\"accordion-title-txt\">Y a-t-il une assistance pour les enfants qui voyagent seuls ?<\/span>\n\t\t\t\t\t\t\t\t\t\t\t\t\t<span class=\"accordion-expander\"><i class=\"lqd-icn-ess icon-ion-ios-arrow-down\"><\/i><i class=\"lqd-icn-ess icon-ion-ios-arrow-up\"><\/i><\/span>\t\t\t\t\t\t\t\t\t\t\t<\/a>\n\t\t\t\t<\/h4>\t\t\t\t<\/div>\n\n\t\t\t\t<div id=\"collapse-2293\" class=\"accordion-collapse collapse \" data-bs-parent=\"#accordion-69dcff7062ba5\" aria-labelledby=\"heading-2293\">\n\n\t\t\t\t<div class=\"accordion-content\">\n\t\t\t\t\t<p>Oui, lors du MI-Adja Camp une \u00e9quipe d\u00e9di\u00e9e prend en charge les enfants d\u00e8s leur arriv\u00e9e \u00e0 l\u2019a\u00e9roport F\u00e9lix Houphou\u00ebt-Boigny et assure leur s\u00e9curit\u00e9 tout au long du s\u00e9jour.<\/p>\t\t\t\t<\/div>\n\n\t\t\t\t<\/div>\n\n\t\t\t<\/div>\n\t\t\t\t\t\t\t\t\t<div class=\"accordion-item panel \">\n\n\t\t\t\t<div class=\"accordion-heading\" id=\"heading-2294\">\n\t\t\t\t<h4 class=\"accordion-title  tabindex=\"-1\">\t\t\t\t\t<a class=\"collapsed\" data-toggle=\"collapse\" data-bs-toggle=\"collapse\"\n                    tabindex=\"0\"\n\t\t\t\t\tdata-parent=\"#accordion-69dcff7062ba5\" data-bs-parent=\"#accordion-69dcff7062ba5\" href=\"#collapse-2294\" data-target=\"#collapse-2294\" data-bs-target=\"#collapse-2294\"\n\t\t\t\t\taria-expanded=\"false\" aria-controls=\"collapse-2294\">\n\t\t\t\t\t\t\t\t\t\t\t\t<span class=\"accordion-title-txt\">Que se passe t'il en cas de d\u00e9sistement?<\/span>\n\t\t\t\t\t\t\t\t\t\t\t\t\t<span class=\"accordion-expander\"><i class=\"lqd-icn-ess icon-ion-ios-arrow-down\"><\/i><i class=\"lqd-icn-ess icon-ion-ios-arrow-up\"><\/i><\/span>\t\t\t\t\t\t\t\t\t\t\t<\/a>\n\t\t\t\t<\/h4>\t\t\t\t<\/div>\n\n\t\t\t\t<div id=\"collapse-2294\" class=\"accordion-collapse collapse \" data-bs-parent=\"#accordion-69dcff7062ba5\" aria-labelledby=\"heading-2294\">\n\n\t\t\t\t<div class=\"accordion-content\">\n\t\t\t\t\t<p>La somme de 130.000F par enfant, ne sera pas rembours\u00e9e afin de couvrir les charges engag\u00e9es par Mi-Adja.<\/p>\t\t\t\t<\/div>\n\n\t\t\t\t<\/div>\n\n\t\t\t<\/div>\n\t\t\t\t\t\t\n\t\t<\/div>\n\n\t\t\t\t\t\t<\/div>\n\t\t\t\t<\/div>\n\t\t\t\t<\/div>\n\t\t\t\t<\/div>\n\t\t<div class=\"elementor-element elementor-element-e3a70a5 e-flex e-con-boxed e-con e-child\" data-id=\"e3a70a5\" data-element_type=\"container\" data-e-type=\"container\">\n\t\t\t\t\t<div class=\"e-con-inner\">\n\t\t\t\t<div class=\"elementor-element elementor-element-9fa8832 elementor-widget elementor-widget-hub_fancy_heading\" data-id=\"9fa8832\" data-element_type=\"widget\" data-e-type=\"widget\" data-widget_type=\"hub_fancy_heading.default\">\n\t\t\t\t<div class=\"elementor-widget-container\">\n\t\t\t\t\t\n\t\t<div id=\"ld-fancy-heading-69dcff70633f6\" class=\"ld-fancy-heading pos-rel\">\n\t\t\t<p class=\"ld-fh-element d-inline-block pos-rel  lqd-highlight-classic lqd-highlight-grow-left p\" ><a href=\"https:\/\/api.whatsapp.com\/send\/?phone=2250710170009&#038;text=Bonjour+%2AMi-Adja+Camp%2A%21&#038;type=phone_number&#038;app_absent=0\" > Si vous avez plus de questions? Vous pouvez <a href=\"https:\/\/api.whatsapp.com\/send\/?phone=2250710170009&amp;text=Bonjour+%2AMi-Adja+Camp%2A%21&amp;type=phone_number&amp;app_absent=0\"><u>nous contacter<\/u><\/a>.<\/a><\/p>\t\t<\/div>\n\n\t\t\t\t\t\t<\/div>\n\t\t\t\t<\/div>\n\t\t\t\t\t<\/div>\n\t\t\t\t<\/div>\n\t\t\t\t\t<\/div>\n\t\t\t\t<\/div>\n\t\t\t\t\t<\/div>\n\t\t\t\t<\/div>\n\t\t\t\t<\/div>\n\t\t","protected":false},"excerpt":{"rendered":"<p>Vos questions, nos r\u00e9ponses R\u00e9ponses \u00e0 vos questions sur Mi-Adja Camp O\u00f9 se d\u00e9roule le camp et quelles sont les dates ? Le camp se d\u00e9roule \u00e0 Korhogo, choisie pour sa richesse culturelle et son cadre s\u00e9curis\u00e9. Il est organis\u00e9 en 3 sessions de 13 jours pendant les vacances de juillet et ao\u00fbt. Les vagues [&hellip;]<\/p>\n","protected":false},"author":1,"featured_media":0,"parent":0,"menu_order":0,"comment_status":"closed","ping_status":"closed","template":"","meta":{"_acf_changed":false,"_joinchat":[],"footnotes":""},"class_list":["post-8455","page","type-page","status-publish","hentry"],"acf":[],"aioseo_notices":[],"_links":{"self":[{"href":"https:\/\/miadja.com\/fr\/wp-json\/wp\/v2\/pages\/8455","targetHints":{"allow":["GET"]}}],"collection":[{"href":"https:\/\/miadja.com\/fr\/wp-json\/wp\/v2\/pages"}],"about":[{"href":"https:\/\/miadja.com\/fr\/wp-json\/wp\/v2\/types\/page"}],"author":[{"embeddable":true,"href":"https:\/\/miadja.com\/fr\/wp-json\/wp\/v2\/users\/1"}],"replies":[{"embeddable":true,"href":"https:\/\/miadja.com\/fr\/wp-json\/wp\/v2\/comments?post=8455"}],"version-history":[{"count":22,"href":"https:\/\/miadja.com\/fr\/wp-json\/wp\/v2\/pages\/8455\/revisions"}],"predecessor-version":[{"id":8949,"href":"https:\/\/miadja.com\/fr\/wp-json\/wp\/v2\/pages\/8455\/revisions\/8949"}],"wp:attachment":[{"href":"https:\/\/miadja.com\/fr\/wp-json\/wp\/v2\/media?parent=8455"}],"curies":[{"name":"wp","href":"https:\/\/api.w.org\/{rel}","templated":true}]}}